{"id":1498,"date":"2024-06-11T19:43:22","date_gmt":"2024-06-11T17:43:22","guid":{"rendered":"https:\/\/caruanamenuiseries.com\/?page_id=1498"},"modified":"2025-09-08T15:07:37","modified_gmt":"2025-09-08T13:07:37","slug":"politique-de-confidentialite-2","status":"publish","type":"page","link":"https:\/\/caruanamenuiseries.com\/index.php\/politique-de-confidentialite-2\/","title":{"rendered":"Politique de confidentialit\u00e9"},"content":{"rendered":"<p data-start=\"136\" data-end=\"167\"><strong data-start=\"136\" data-end=\"165\">Mise \u00e0 jour au 08\/09\/2025<\/strong><\/p>\n<p data-start=\"169\" data-end=\"505\">La soci\u00e9t\u00e9 <strong data-start=\"180\" data-end=\"204\">Carunana Menuiseries<\/strong> (telle que d\u00e9finie \u00e0 l\u2019article 1 ci-apr\u00e8s), exer\u00e7ant ses activit\u00e9s sous la marque Carunana Menuiseries, diffuse des informations et de l\u2019actualit\u00e9 de l\u2019entreprise et propose un formulaire de contact sur son site Internet <a class=\"decorated-link\" href=\"https:\/\/www.caruanamenuiseries.com\" target=\"_new\" rel=\"noopener\" data-start=\"426\" data-end=\"490\">www.caruanamenuiseries.com<\/a> (le \u00ab Site \u00bb).<\/p>\n<p data-start=\"507\" data-end=\"778\">Pour faciliter les \u00e9changes avec les visiteurs et am\u00e9liorer la pertinence du contenu du site, la soci\u00e9t\u00e9 <strong data-start=\"612\" data-end=\"636\">Carunana Menuiseries<\/strong> collecte des donn\u00e9es \u00e0 caract\u00e8re personnel (les \u00ab Donn\u00e9es \u00bb) des utilisateurs de ses sites (ensemble ci-apr\u00e8s d\u00e9nomm\u00e9s les \u00ab Utilisateurs \u00bb).<\/p>\n<p data-start=\"780\" data-end=\"976\">La pr\u00e9sente politique de confidentialit\u00e9 a pour objet d\u2019informer les Utilisateurs des moyens mis en \u0153uvre pour collecter, consulter, traiter et conserver les donn\u00e9es personnelles des utilisateurs.<\/p>\n<p data-start=\"978\" data-end=\"1326\">La soci\u00e9t\u00e9 <strong data-start=\"989\" data-end=\"1013\">Carunana Menuiseries<\/strong>, en qualit\u00e9 de responsable de traitement, s\u2019engage \u00e0 respecter les dispositions du <strong data-start=\"1097\" data-end=\"1166\">R\u00e8glement G\u00e9n\u00e9ral sur la Protection des Donn\u00e9es (RGPD) n\u00b02016\/679<\/strong> du Parlement europ\u00e9en et du Conseil du 27 avril 2016, ainsi que de la loi fran\u00e7aise n\u00b078\/17 du 6 janvier 1978 modifi\u00e9e (dite \u00ab Loi Informatique et Libert\u00e9s \u00bb).<\/p>\n<p data-start=\"1328\" data-end=\"1587\">L\u2019Utilisateur est inform\u00e9 que certaines Donn\u00e9es doivent \u00eatre collect\u00e9es par la soci\u00e9t\u00e9 <strong data-start=\"1415\" data-end=\"1439\">Carunana Menuiseries<\/strong> afin de pouvoir fournir ses services. Si l\u2019Utilisateur ne souhaite pas communiquer ces donn\u00e9es, la soci\u00e9t\u00e9 ne pourra pas accomplir ses prestations.<\/p>\n<p data-start=\"1589\" data-end=\"1917\">La pr\u00e9sente politique de confidentialit\u00e9 (\u00ab Politique \u00bb) peut \u00eatre modifi\u00e9e \u00e0 tout moment par la soci\u00e9t\u00e9 <strong data-start=\"1694\" data-end=\"1718\">Carunana Menuiseries<\/strong>, notamment pour se conformer aux \u00e9volutions r\u00e9glementaires, jurisprudentielles, \u00e9ditoriales ou techniques. L\u2019Utilisateur doit se r\u00e9f\u00e9rer avant toute navigation \u00e0 la derni\u00e8re version de la Politique.<\/p>\n<hr data-start=\"1919\" data-end=\"1922\" \/>\n<h3 data-start=\"1924\" data-end=\"1956\">Le Responsable de Traitement<\/h3>\n<p data-start=\"1958\" data-end=\"2085\">Le responsable de traitement, qui collecte les donn\u00e9es \u00e0 caract\u00e8re personnel et met en \u0153uvre les traitements de Donn\u00e9es est :<\/p>\n<p data-start=\"2087\" data-end=\"2358\"><strong data-start=\"2087\" data-end=\"2111\">Carunana Menuiseries<\/strong>,<br data-start=\"2112\" data-end=\"2115\" \/>SARL, soci\u00e9t\u00e9 \u00e0 responsabilit\u00e9 limit\u00e9e,<br data-start=\"2154\" data-end=\"2157\" \/>SIRET : 84475230300017<br data-start=\"2179\" data-end=\"2182\" \/>Activit\u00e9 : Travaux de menuiserie bois et PVC<br data-start=\"2226\" data-end=\"2229\" \/>Adresse : 246 CHEMIN DES PLAINES, 84340 MALAUCENE<br data-start=\"2278\" data-end=\"2281\" \/>Email : <a class=\"decorated-link cursor-pointer\" rel=\"noopener\" data-start=\"2289\" data-end=\"2356\">caruanamenuiseries@gmail.com<\/a><\/p>\n<p data-start=\"2360\" data-end=\"2634\">Pour les besoins de la pr\u00e9sente Politique, les termes \u00ab Traiter \u00bb ou \u00ab Traitement \u00bb d\u00e9signent toute op\u00e9ration appliqu\u00e9e aux Donn\u00e9es, telles que la collecte, l\u2019enregistrement, l\u2019organisation, la conservation, la modification, la consultation, l\u2019utilisation ou la destruction.<\/p>\n<p data-start=\"2636\" data-end=\"2882\">Le terme \u00ab Donn\u00e9e(s) \u00bb d\u00e9signe toute information se rapportant \u00e0 un Utilisateur identifi\u00e9 ou identifiable, notamment par r\u00e9f\u00e9rence \u00e0 un identifiant, nom, adresse mail, num\u00e9ro de t\u00e9l\u00e9phone, donn\u00e9es de localisation ou tout autre \u00e9l\u00e9ment sp\u00e9cifique.<\/p>\n<hr data-start=\"2884\" data-end=\"2887\" \/>\n<h3 data-start=\"2889\" data-end=\"2926\">Collecte des donn\u00e9es personnelles<\/h3>\n<p data-start=\"2928\" data-end=\"3106\">La soci\u00e9t\u00e9 <strong data-start=\"2939\" data-end=\"2963\">Carunana Menuiseries<\/strong> est amen\u00e9e \u00e0 collecter les Donn\u00e9es personnelles des Utilisateurs sur le Site <a class=\"decorated-link\" href=\"https:\/\/www.caruanamenuiseries.com\" target=\"_new\" rel=\"noopener\" data-start=\"3041\" data-end=\"3105\">www.caruanamenuiseries.com<\/a>.<\/p>\n<p data-start=\"3108\" data-end=\"3159\">Les Donn\u00e9es susceptibles d\u2019\u00eatre collect\u00e9es sont :<\/p>\n<ul data-start=\"3161\" data-end=\"3688\">\n<li data-start=\"3161\" data-end=\"3292\">\n<p data-start=\"3163\" data-end=\"3292\"><strong data-start=\"3163\" data-end=\"3201\">Donn\u00e9es du compte de l\u2019Utilisateur<\/strong> : pr\u00e9nom, nom, adresse email, num\u00e9ro de t\u00e9l\u00e9phone lors de l\u2019inscription \u00e0 la newsletter.<\/p>\n<\/li>\n<li data-start=\"3293\" data-end=\"3410\">\n<p data-start=\"3295\" data-end=\"3410\"><strong data-start=\"3295\" data-end=\"3336\">\u00c9changes via le formulaire de contact<\/strong> : pr\u00e9nom, nom, adresse email, num\u00e9ro de t\u00e9l\u00e9phone, messages personnels.<\/p>\n<\/li>\n<li data-start=\"3411\" data-end=\"3556\">\n<p data-start=\"3413\" data-end=\"3556\"><strong data-start=\"3413\" data-end=\"3438\">Donn\u00e9es de navigation<\/strong> : date et heure de connexion, type et langue du navigateur, adresse IP, donn\u00e9es de localisation et g\u00e9olocalisation.<\/p>\n<\/li>\n<li data-start=\"3557\" data-end=\"3688\">\n<p data-start=\"3559\" data-end=\"3688\"><strong data-start=\"3559\" data-end=\"3600\">Donn\u00e9es des participants aux concours<\/strong> : uniquement les informations n\u00e9cessaires \u00e0 la participation et \u00e0 la remise des lots.<\/p>\n<\/li>\n<\/ul>\n<p data-start=\"3690\" data-end=\"3939\">Certains services tiers, r\u00e9seaux sociaux et applications li\u00e9es au Site peuvent collecter des donn\u00e9es directement et sont soumis \u00e0 leur propre politique de confidentialit\u00e9. La soci\u00e9t\u00e9 <strong data-start=\"3873\" data-end=\"3897\">Carunana Menuiseries<\/strong> n\u2019est pas responsable de leurs pratiques.<\/p>\n<hr data-start=\"3941\" data-end=\"3944\" \/>\n<h3 data-start=\"3946\" data-end=\"3974\">Finalit\u00e9s de la collecte<\/h3>\n<p data-start=\"3976\" data-end=\"4011\">Les Donn\u00e9es sont utilis\u00e9es pour :<\/p>\n<div class=\"_tableContainer_1rjym_1\">\n<div class=\"_tableWrapper_1rjym_13 group flex w-fit flex-col-reverse\" tabindex=\"-1\">\n<table class=\"w-fit min-w-(--thread-content-width)\" data-start=\"4013\" data-end=\"4971\">\n<thead data-start=\"4013\" data-end=\"4065\">\n<tr data-start=\"4013\" data-end=\"4065\">\n<th data-start=\"4013\" data-end=\"4024\" data-col-size=\"md\">Finalit\u00e9<\/th>\n<th data-start=\"4024\" data-end=\"4050\" data-col-size=\"md\">Utilisation des donn\u00e9es<\/th>\n<th data-start=\"4050\" data-end=\"4065\" data-col-size=\"md\">Base l\u00e9gale<\/th>\n<\/tr>\n<\/thead>\n<tbody data-start=\"4118\" data-end=\"4971\">\n<tr data-start=\"4118\" data-end=\"4256\">\n<td data-start=\"4118\" data-end=\"4144\" data-col-size=\"md\">Gestion des newsletters<\/td>\n<td data-start=\"4144\" data-end=\"4191\" data-col-size=\"md\">G\u00e9rer et suivre la diffusion des newsletters<\/td>\n<td data-start=\"4191\" data-end=\"4256\" data-col-size=\"md\">Ex\u00e9cution d\u2019une base de donn\u00e9es pour diffusion d\u2019informations<\/td>\n<\/tr>\n<tr data-start=\"4257\" data-end=\"4374\">\n<td data-start=\"4257\" data-end=\"4294\" data-col-size=\"md\">Administration du Site et s\u00e9curit\u00e9<\/td>\n<td data-start=\"4294\" data-end=\"4354\" data-col-size=\"md\">Mise \u00e0 jour et protection du Site, lutte contre la fraude<\/td>\n<td data-start=\"4354\" data-end=\"4374\" data-col-size=\"md\">Int\u00e9r\u00eat l\u00e9gitime<\/td>\n<\/tr>\n<tr data-start=\"4375\" data-end=\"4492\">\n<td data-start=\"4375\" data-end=\"4399\" data-col-size=\"md\">Formulaire de contact<\/td>\n<td data-start=\"4399\" data-end=\"4440\" data-col-size=\"md\">R\u00e9pondre aux demandes des utilisateurs<\/td>\n<td data-start=\"4440\" data-end=\"4492\" data-col-size=\"md\">Ex\u00e9cution d\u2019un \u00e9change conclu avec l\u2019utilisateur<\/td>\n<\/tr>\n<tr data-start=\"4493\" data-end=\"4632\">\n<td data-start=\"4493\" data-end=\"4534\" data-col-size=\"md\">\u00c9v\u00e9nements sp\u00e9ciaux (concours, offres)<\/td>\n<td data-start=\"4534\" data-end=\"4586\" data-col-size=\"md\">Gestion de la participation et des communications<\/td>\n<td data-start=\"4586\" data-end=\"4632\" data-col-size=\"md\">Ex\u00e9cution d\u2019un contrat ou int\u00e9r\u00eat l\u00e9gitime<\/td>\n<\/tr>\n<tr data-start=\"4633\" data-end=\"4735\">\n<td data-start=\"4633\" data-end=\"4667\" data-col-size=\"md\">Analyse et am\u00e9lioration du Site<\/td>\n<td data-start=\"4667\" data-end=\"4715\" data-col-size=\"md\">\u00c9valuer et am\u00e9liorer l\u2019exp\u00e9rience utilisateur<\/td>\n<td data-start=\"4715\" data-end=\"4735\" data-col-size=\"md\">Int\u00e9r\u00eat l\u00e9gitime<\/td>\n<\/tr>\n<tr data-start=\"4736\" data-end=\"4867\">\n<td data-start=\"4736\" data-end=\"4793\" data-col-size=\"md\">Offres commerciales et newsletters (avec consentement)<\/td>\n<td data-start=\"4793\" data-end=\"4834\" data-col-size=\"md\">Informer les utilisateurs des services<\/td>\n<td data-start=\"4834\" data-end=\"4867\" data-col-size=\"md\">Consentement de l\u2019utilisateur<\/td>\n<\/tr>\n<tr data-start=\"4868\" data-end=\"4971\">\n<td data-start=\"4868\" data-end=\"4890\" data-col-size=\"md\">Analyse des visites<\/td>\n<td data-start=\"4890\" data-end=\"4935\" data-col-size=\"md\">Mesures d\u2019audience et am\u00e9lioration du site<\/td>\n<td data-start=\"4935\" data-end=\"4971\" data-col-size=\"md\">Consentement ou int\u00e9r\u00eat l\u00e9gitime<\/td>\n<\/tr>\n<\/tbody>\n<\/table>\n<\/div>\n<\/div>\n<p data-start=\"4973\" data-end=\"5075\"><strong data-start=\"4973\" data-end=\"4996\">Partage des donn\u00e9es<\/strong> : aucune donn\u00e9e personnelle n\u2019est c\u00e9d\u00e9e \u00e0 des tiers \u00e0 des fins commerciales.<\/p>\n<p data-start=\"5077\" data-end=\"5182\">L\u2019Utilisateur peut modifier ses donn\u00e9es ou retirer son consentement via le formulaire de contact du Site.<\/p>\n<hr data-start=\"5184\" data-end=\"5187\" \/>\n<h3 data-start=\"5189\" data-end=\"5229\">Prestataires ayant acc\u00e8s aux donn\u00e9es<\/h3>\n<p data-start=\"5231\" data-end=\"5268\">Les destinataires peuvent inclure :<\/p>\n<ul data-start=\"5270\" data-end=\"5603\">\n<li data-start=\"5270\" data-end=\"5337\">\n<p data-start=\"5272\" data-end=\"5337\">Autorit\u00e9s judiciaires ou administratives en cas de r\u00e9quisition.<\/p>\n<\/li>\n<li data-start=\"5338\" data-end=\"5441\">\n<p data-start=\"5340\" data-end=\"5441\">Prestataires techniques ou marketing (emailing, h\u00e9bergement, maintenance, analyse de trafic, etc.).<\/p>\n<\/li>\n<li data-start=\"5442\" data-end=\"5499\">\n<p data-start=\"5444\" data-end=\"5499\">Brevo pour les emails transactionnels et newsletters.<\/p>\n<\/li>\n<li data-start=\"5500\" data-end=\"5603\">\n<p data-start=\"5502\" data-end=\"5603\">Matomo pour l\u2019analyse d\u2019audience (<a class=\"decorated-link\" href=\"https:\/\/fr.matomo.org\/support\/\" target=\"_new\" rel=\"noopener\" data-start=\"5536\" data-end=\"5600\">https:\/\/fr.matomo.org\/support\/<\/a>)<\/p>\n<\/li>\n<\/ul>\n<p data-start=\"5605\" data-end=\"5658\">Les acc\u00e8s sont limit\u00e9s et encadr\u00e9s contractuellement.<\/p>\n<hr data-start=\"5660\" data-end=\"5663\" \/>\n<h3 data-start=\"5665\" data-end=\"5692\">Droits des Utilisateurs<\/h3>\n<p data-start=\"5694\" data-end=\"5741\">Conform\u00e9ment au RGPD, l\u2019Utilisateur dispose :<\/p>\n<ul data-start=\"5743\" data-end=\"5905\">\n<li data-start=\"5743\" data-end=\"5788\">\n<p data-start=\"5745\" data-end=\"5788\">Droit d\u2019acc\u00e8s, rectification, suppression<\/p>\n<\/li>\n<li data-start=\"5789\" data-end=\"5839\">\n<p data-start=\"5791\" data-end=\"5839\">Droit d\u2019opposition ou limitation du traitement<\/p>\n<\/li>\n<li data-start=\"5840\" data-end=\"5866\">\n<p data-start=\"5842\" data-end=\"5866\">Droit \u00e0 la portabilit\u00e9<\/p>\n<\/li>\n<li data-start=\"5867\" data-end=\"5905\">\n<p data-start=\"5869\" data-end=\"5905\">Droits post-mortem sur les donn\u00e9es<\/p>\n<\/li>\n<\/ul>\n<p data-start=\"5907\" data-end=\"5960\">Exercice via le formulaire de contact ou courrier :<\/p>\n<p data-start=\"5962\" data-end=\"6108\"><strong data-start=\"5962\" data-end=\"5986\">Carunana Menuiseries<\/strong><br data-start=\"5986\" data-end=\"5989\" \/>246 CHEMIN DES PLAINES, 84340 MALAUCENE<br data-start=\"6028\" data-end=\"6031\" \/>Email : <a class=\"decorated-link cursor-pointer\" rel=\"noopener\" data-start=\"6039\" data-end=\"6106\">caruanamenuiseries@gmail.com<\/a><\/p>\n<p data-start=\"6110\" data-end=\"6226\">Joindre un justificatif d\u2019identit\u00e9. En cas de probl\u00e8me, saisir la CNIL (<a class=\"decorated-link\" href=\"https:\/\/www.cnil.fr\" target=\"_new\" rel=\"noopener\" data-start=\"6182\" data-end=\"6224\">https:\/\/www.cnil.fr<\/a>).<\/p>\n<hr data-start=\"6228\" data-end=\"6231\" \/>\n<h3 data-start=\"6233\" data-end=\"6254\">Transfert hors UE<\/h3>\n<p data-start=\"6256\" data-end=\"6396\">Les donn\u00e9es peuvent \u00eatre transf\u00e9r\u00e9es \u00e0 des prestataires hors UE, uniquement dans le cadre de clauses contractuelles types conformes au RGPD.<\/p>\n<hr data-start=\"6398\" data-end=\"6401\" \/>\n<h3 data-start=\"6403\" data-end=\"6428\">Dur\u00e9e de conservation<\/h3>\n<p data-start=\"6430\" data-end=\"6509\">Les donn\u00e9es sont conserv\u00e9es <strong data-start=\"6458\" data-end=\"6506\">uniquement le temps n\u00e9cessaire aux finalit\u00e9s<\/strong>.<\/p>\n<ul data-start=\"6510\" data-end=\"6619\">\n<li data-start=\"6510\" data-end=\"6563\">\n<p data-start=\"6512\" data-end=\"6563\">Prospection : 3 ans maximum apr\u00e8s dernier contact<\/p>\n<\/li>\n<li data-start=\"6564\" data-end=\"6619\">\n<p data-start=\"6566\" data-end=\"6619\">Archivage l\u00e9gal ou judiciaire : anonymis\u00e9 et s\u00e9curis\u00e9<\/p>\n<\/li>\n<\/ul>\n<hr data-start=\"6621\" data-end=\"6624\" \/>\n<h3 data-start=\"6626\" data-end=\"6650\">S\u00e9curit\u00e9 des donn\u00e9es<\/h3>\n<p data-start=\"6652\" data-end=\"6840\">Carunana Menuiseries prend toutes pr\u00e9cautions pour garantir la s\u00e9curit\u00e9 et la confidentialit\u00e9 des donn\u00e9es, notamment via des prestataires sp\u00e9cialis\u00e9s. Les donn\u00e9es sont h\u00e9berg\u00e9es dans l\u2019UE.<\/p>\n<hr data-start=\"6842\" data-end=\"6845\" \/>\n<h3 data-start=\"6847\" data-end=\"6870\">Cookies et traceurs<\/h3>\n<ul data-start=\"6872\" data-end=\"7302\">\n<li data-start=\"6872\" data-end=\"6921\">\n<p data-start=\"6874\" data-end=\"6921\">Cookies n\u00e9cessaires au fonctionnement du Site<\/p>\n<\/li>\n<li data-start=\"6922\" data-end=\"6983\">\n<p data-start=\"6924\" data-end=\"6983\">Analyse de navigation et statistiques (avec consentement)<\/p>\n<\/li>\n<li data-start=\"6984\" data-end=\"7057\">\n<p data-start=\"6986\" data-end=\"7057\">Gestion via WordPress et possibilit\u00e9 de param\u00e9trage par l\u2019Utilisateur<\/p>\n<\/li>\n<li data-start=\"7058\" data-end=\"7155\">\n<p data-start=\"7060\" data-end=\"7155\">Liens utiles pour param\u00e9trage des cookies selon le navigateur : Safari, Chrome, Firefox, Edge<\/p>\n<\/li>\n<li data-start=\"7156\" data-end=\"7302\">\n<p data-start=\"7158\" data-end=\"7302\">Opposition possible via <a class=\"decorated-link\" href=\"http:\/\/www.youronlinechoices.com\/fr\/controler-ses-cookies\/\" target=\"_new\" rel=\"noopener\" data-start=\"7182\" data-end=\"7302\">http:\/\/www.youronlinechoices.com\/fr\/controler-ses-cookies\/<\/a><\/p>\n<\/li>\n<\/ul>\n<hr data-start=\"7304\" data-end=\"7307\" \/>\n<h3 data-start=\"7309\" data-end=\"7328\">R\u00e9seaux sociaux<\/h3>\n<p data-start=\"7330\" data-end=\"7542\">Les contenus publi\u00e9s par les utilisateurs sur les r\u00e9seaux sociaux officiels de Carunana Menuiseries peuvent \u00eatre visibles par des tiers. L\u2019entreprise n\u2019est pas responsable de l\u2019usage de ces donn\u00e9es par des tiers.<\/p>\n<hr data-start=\"7544\" data-end=\"7547\" \/>\n<h3 data-start=\"7549\" data-end=\"7579\">Liens vers des sites tiers<\/h3>\n<p data-start=\"7581\" data-end=\"7767\">Le Site peut contenir des liens vers des sites tiers. Carunana Menuiseries n\u2019est pas responsable de leur traitement des donn\u00e9es. L\u2019utilisateur doit consulter les politiques de ces sites.<\/p>\n","protected":false},"excerpt":{"rendered":"<p>Mise \u00e0 jour au 08\/09\/2025 La soci\u00e9t\u00e9 Carunana Menuiseries (telle que d\u00e9finie \u00e0 l\u2019article<\/p>\n","protected":false},"author":1,"featured_media":0,"parent":0,"menu_order":0,"comment_status":"closed","ping_status":"closed","template":"","meta":{"footnotes":""},"class_list":["post-1498","page","type-page","status-publish","hentry"],"_links":{"self":[{"href":"https:\/\/caruanamenuiseries.com\/index.php\/wp-json\/wp\/v2\/pages\/1498","targetHints":{"allow":["GET"]}}],"collection":[{"href":"https:\/\/caruanamenuiseries.com\/index.php\/wp-json\/wp\/v2\/pages"}],"about":[{"href":"https:\/\/caruanamenuiseries.com\/index.php\/wp-json\/wp\/v2\/types\/page"}],"author":[{"embeddable":true,"href":"https:\/\/caruanamenuiseries.com\/index.php\/wp-json\/wp\/v2\/users\/1"}],"replies":[{"embeddable":true,"href":"https:\/\/caruanamenuiseries.com\/index.php\/wp-json\/wp\/v2\/comments?post=1498"}],"version-history":[{"count":2,"href":"https:\/\/caruanamenuiseries.com\/index.php\/wp-json\/wp\/v2\/pages\/1498\/revisions"}],"predecessor-version":[{"id":1803,"href":"https:\/\/caruanamenuiseries.com\/index.php\/wp-json\/wp\/v2\/pages\/1498\/revisions\/1803"}],"wp:attachment":[{"href":"https:\/\/caruanamenuiseries.com\/index.php\/wp-json\/wp\/v2\/media?parent=1498"}],"curies":[{"name":"wp","href":"https:\/\/api.w.org\/{rel}","templated":true}]}}